{"id":3,"date":"2021-08-02T11:34:47","date_gmt":"2021-08-02T11:34:47","guid":{"rendered":"https:\/\/frtravel.pt\/fika\/?page_id=3"},"modified":"2022-03-03T12:07:28","modified_gmt":"2022-03-03T12:07:28","slug":"politica-privacidade","status":"publish","type":"page","link":"https:\/\/frtravel.pt\/fika\/politica-privacidade\/","title":{"rendered":"Pol\u00edtica de Privacidade"},"content":{"rendered":"<p><\/p>\n<h2>Condi\u00e7\u00f5es de utiliza\u00e7\u00e3o<\/h2>\n<p>Ao aceder a este site, o utilizador aceita e concorda na \u00edntegra com as condi\u00e7\u00f5es de utiliza\u00e7\u00e3o. Leia-os cuidadosamente antes de o usar.<br \/>\nA FR Travel reserva-se o direito de alterar partes da presente informa\u00e7\u00e3o legal sem aviso pr\u00e9vio, pelo que aconselhamos a sua leitura sempre que pretenda aceder a este site. Ao continuar o acesso e utiliza\u00e7\u00e3o do site ap\u00f3s altera\u00e7\u00f5es da informa\u00e7\u00e3o legal, consideramos que as aceitou. Se n\u00e3o concordar, dever\u00e1 de imediato suspender o acesso a este site.<\/p>\n<h2>Prote\u00e7\u00e3o dos dados pessoais<\/h2>\n<p>Os dados pessoais fornecidos pelo titular no preenchimento de formul\u00e1rios existentes neste site ser\u00e3o processados e armazenados informaticamente pela FR Travel, na sua qualidade de respons\u00e1vel pelo tratamento, e destinam-se:<\/p>\n<p>&#8211; a ser utilizados nas rela\u00e7\u00f5es contratuais entre a FR Travel e os seus clientes,<br \/>\n&#8211; a responder a pedidos de informa\u00e7\u00f5es pelos utilizadores do site, por correio eletr\u00f3nico ou outro meio,<br \/>\n&#8211; a ser utilizados para efeitos de marketing, se o utilizador n\u00e3o manifestar a sua oposi\u00e7\u00e3o atrav\u00e9s do endere\u00e7o de e-mail \u00e0 sua disposi\u00e7\u00e3o.<br \/>\nOs dados pessoais recolhidos para as finalidades supra referidas podem ser disponibilizados a outras empresas, parceiros ou prestadores de servi\u00e7os da FR Travel.<\/p>\n<p>\u00c9 garantido ao titular o direito de acesso e retifica\u00e7\u00e3o de qualquer dado que lhe diga respeito, podendo solicitar a sua corre\u00e7\u00e3o, aditamento ou elimina\u00e7\u00e3o, mediante contacto pessoal ou por escrito, para a sede da FR Travel, Rua Alexandre Herculano, 194 &#8211; 3510-033 Viseu \u2013 Portugal.<br \/>\nOs protocolos de seguran\u00e7a e servidores seguros permitem \u00e0 FR Travel garantir a seguran\u00e7a e a confidencialidade dos seus dados pessoais e impede que terceiros tenham acesso aos seus dados.<br \/>\nParalelamente, os dados recolhidos, s\u00e3o apenas administrados pela nossa equipa qualificada, que se rege por elevados padr\u00f5es \u00e9ticos no exerc\u00edcio das suas fun\u00e7\u00f5es.<br \/>\nNo caso da FR Travel contratar os servi\u00e7os de terceiros para gerir as informa\u00e7\u00f5es fornecidas pelos clientes neste site, tomar\u00e1 todas as provid\u00eancias no sentido de assegurar a confidencialidade das informa\u00e7\u00f5es.<\/p>\n<h2>Propriedade Intelectual \/ Copyright \u00a9 2011 FR Travel, Viagens e Turismo, Lda todos os direitos reservados.<\/h2>\n<p>A FR Travel \u00e9 a propriet\u00e1ria e operadora do site. Os direitos de propriedade intelectual de todos os conte\u00fados do presente site ou da informa\u00e7\u00e3o que possa ser obtida atrav\u00e9s do site s\u00e3o perten\u00e7a da FR Travel, seus afiliados ou licenciadores, n\u00e3o sendo permitida a c\u00f3pia, recolha, publica\u00e7\u00e3o distribui\u00e7\u00e3o ou reprodu\u00e7\u00e3o das informa\u00e7\u00f5es contidas neste site, incluindo as ferramentas e o desenho gr\u00e1fico das p\u00e1ginas na internet, sem a autoriza\u00e7\u00e3o expressa da FR Travel. O utilizador pode, no entanto, imprimir e recolher as informa\u00e7\u00f5es contidas neste site para o seu uso pessoal.<br \/>\nTodos os log\u00f3tipos e \u00edcones deste site s\u00e3o propriedade e marcas registadas da FR Travel, seus afiliados ou licenciadores. A sua utiliza\u00e7\u00e3o para fins p\u00fablicos ou comerciais \u00e9 expressamente proibida, sem a autoriza\u00e7\u00e3o expressa da FR Travel.<\/p>\n<h2>Cookies<\/h2>\n<p>A utiliza\u00e7\u00e3o de cookies \u00e9 poss\u00edvel, para a recolha de informa\u00e7\u00f5es importantes, nomeadamente sobre como os nossos visitantes utilizam o site, permitindo uma melhor avalia\u00e7\u00e3o das necessidades dos nossos clientes e consequente adapta\u00e7\u00e3o e melhoramento do nosso servi\u00e7o. A informa\u00e7\u00e3o do utilizador recolhida temporariamente \u00e9 apagada do sistema quando este conclui a navega\u00e7\u00e3o no site.<\/p>\n<h2>Sites de terceiros<\/h2>\n<p>A FR Travel pode estabelecer neste site, hiperliga\u00e7\u00f5es (links) para outros sites mantidos e operados por terceiros, aos quais o utilizador poder\u00e1 aceder sob a sua inteira responsabilidade. A FR Travel n\u00e3o se responsabiliza pelo conte\u00fado, uso ou disponibiliza\u00e7\u00e3o dos websites em causa.<\/p>\n<p>Condi\u00e7\u00f5es de utiliza\u00e7\u00e3o da informa\u00e7\u00e3o disponibilizada no site<br \/>\nAtrav\u00e9s deste site, a FR Travel pretende informar o utilizador sobre a marca e sobre os produtos que disponibiliza e permite-lhe solicitar esclarecimentos que ser\u00e3o prestados ulteriormente pelos nossos especialistas.<br \/>\nA informa\u00e7\u00e3o contida neste site n\u00e3o pretende ser uma descri\u00e7\u00e3o completa das condi\u00e7\u00f5es aplic\u00e1veis aos produtos e servi\u00e7os.<br \/>\nA FR Travel reserva-se o direito de modificar os produtos, servi\u00e7os e informa\u00e7\u00f5es propostos no site, assim como de suspender, temporariamente ou permanentemente, a disponibilidade deste site ou partes dele a qualquer momento, sem aviso pr\u00e9vio.<\/p>\n<h2>Exclus\u00e3o de responsabilidade<\/h2>\n<p>Embora a FR Travel se esforce para manter as informa\u00e7\u00f5es deste site precisas e atualizadas, n\u00e3o pode garantir que as mesmas sejam precisas, completas, atuais e isentas de erros t\u00e9cnicos ou omiss\u00f5es.<br \/>\nA FR Travel n\u00e3o se responsabiliza por quaisquer danos diretos ou indiretos, incluindo lucros cessantes, que possam resultar, nomeadamente:<br \/>\n&#8211; do uso incorreto deste site;<br \/>\n&#8211; do funcionamento ou indisponibilidade deste site ou de qualquer link nele indicado;<br \/>\n&#8211; da modifica\u00e7\u00e3o ou utiliza\u00e7\u00e3o incorreta da informa\u00e7\u00e3o transmitida para a FR Travel ou para o utilizador;<br \/>\n&#8211; da perda de dados;<br \/>\n&#8211; da informa\u00e7\u00e3o constante deste site ou que atrav\u00e9s dele possa ser obtido.<\/p>\n<h2>Lei aplic\u00e1vel e Jurisdi\u00e7\u00e3o<\/h2>\n<p>Este website e a presente informa\u00e7\u00e3o legal s\u00e3o regidos pela lei portuguesa. Qualquer lit\u00edgio decorrente da presente informa\u00e7\u00e3o legal ser\u00e3o dirimidos pelo tribunal da comarca do Porto, com ren\u00fancia a quaisquer outros.<\/p>","protected":false},"excerpt":{"rendered":"<p>Condi\u00e7\u00f5es de utiliza\u00e7\u00e3o Ao aceder a este site, o utilizador aceita e concorda na \u00edntegra com as condi\u00e7\u00f5es de utiliza\u00e7\u00e3o. Leia-os cuidadosamente antes de o usar. A FR Travel reserva-se o direito de alterar partes da presente informa\u00e7\u00e3o legal sem aviso pr\u00e9vio, pelo que aconselhamos a sua leitura sempre que pretenda aceder a este site. [&hellip;]<\/p>\n","protected":false},"author":1,"featured_media":0,"parent":0,"menu_order":0,"comment_status":"closed","ping_status":"open","template":"page-privacy.php","meta":{"footnotes":""},"_links":{"self":[{"href":"https:\/\/frtravel.pt\/fika\/wp-json\/wp\/v2\/pages\/3"}],"collection":[{"href":"https:\/\/frtravel.pt\/fika\/wp-json\/wp\/v2\/pages"}],"about":[{"href":"https:\/\/frtravel.pt\/fika\/wp-json\/wp\/v2\/types\/page"}],"author":[{"embeddable":true,"href":"https:\/\/frtravel.pt\/fika\/wp-json\/wp\/v2\/users\/1"}],"replies":[{"embeddable":true,"href":"https:\/\/frtravel.pt\/fika\/wp-json\/wp\/v2\/comments?post=3"}],"version-history":[{"count":2,"href":"https:\/\/frtravel.pt\/fika\/wp-json\/wp\/v2\/pages\/3\/revisions"}],"predecessor-version":[{"id":537,"href":"https:\/\/frtravel.pt\/fika\/wp-json\/wp\/v2\/pages\/3\/revisions\/537"}],"wp:attachment":[{"href":"https:\/\/frtravel.pt\/fika\/wp-json\/wp\/v2\/media?parent=3"}],"curies":[{"name":"wp","href":"https:\/\/api.w.org\/{rel}","templated":true}]}}